{"id":138,"date":"2022-03-28T15:24:01","date_gmt":"2022-03-28T18:24:01","guid":{"rendered":"https:\/\/perfilocupacional.com.br\/site\/?page_id=138"},"modified":"2022-03-31T13:38:02","modified_gmt":"2022-03-31T16:38:02","slug":"proposta-comercial","status":"publish","type":"page","link":"https:\/\/perfilocupacional.com.br\/site\/proposta-comercial\/","title":{"rendered":"Proposta Comercial"},"content":{"rendered":"\n<div class=\"wp-block-contact-form-7-contact-form-selector\"><div role=\"form\" class=\"wpcf7\" id=\"wpcf7-f120-o1\" lang=\"pt-BR\" dir=\"ltr\">\n<div class=\"screen-reader-response\"><p role=\"status\" aria-live=\"polite\" aria-atomic=\"true\"><\/p> <ul><\/ul><\/div>\n<form action=\"\/site\/wp-json\/wp\/v2\/pages\/138#wpcf7-f120-o1\" method=\"post\" class=\"wpcf7-form init\" enctype=\"multipart\/form-data\" novalidate=\"novalidate\" data-status=\"init\">\n<div style=\"display: none;\">\n<input type=\"hidden\" name=\"_wpcf7\" value=\"120\" \/>\n<input type=\"hidden\" name=\"_wpcf7_version\" value=\"5.5.6.1\" \/>\n<input type=\"hidden\" name=\"_wpcf7_locale\" value=\"pt_BR\" \/>\n<input type=\"hidden\" name=\"_wpcf7_unit_tag\" value=\"wpcf7-f120-o1\" \/>\n<input type=\"hidden\" name=\"_wpcf7_container_post\" value=\"0\" \/>\n<input type=\"hidden\" name=\"_wpcf7_posted_data_hash\" value=\"\" \/>\n<\/div>\n<p>Nome da Empresa *<br \/>\n<span class=\"wpcf7-form-control-wrap nome-empresa\"><input type=\"text\" name=\"nome-empresa\" value=\"\" size=\"40\" class=\"wpcf7-form-control wpcf7-text wpcf7-validates-as-required form-control\" aria-required=\"true\" aria-invalid=\"false\" placeholder=\"Nome da Empresa\" \/><\/span><\/p>\n<p>CNPJ *<br \/>\n<span class=\"wpcf7-form-control-wrap cnpj\"><input type=\"text\" name=\"cnpj\" value=\"\" size=\"40\" class=\"wpcf7-form-control wpcf7-text wpcf7-validates-as-required form-control mask-cnpj\" aria-required=\"true\" aria-invalid=\"false\" placeholder=\"CNPJ\" \/><\/span><\/p>\n<p>N\u00famero de funcion\u00e1rios (Aproximado) *<br \/>\n<span class=\"wpcf7-form-control-wrap numero-funcionarios\"><input type=\"text\" name=\"numero-funcionarios\" value=\"\" size=\"40\" class=\"wpcf7-form-control wpcf7-text wpcf7-validates-as-required form-control\" aria-required=\"true\" aria-invalid=\"false\" placeholder=\"N\u00famero de Funcion\u00e1rios\" \/><\/span><\/p>\n<p>Servi\u00e7os *<\/p>\n<p><span class=\"wpcf7-form-control-wrap servicos\"><span class=\"wpcf7-form-control wpcf7-checkbox wpcf7-validates-as-required\"><span class=\"wpcf7-list-item first\"><label><input type=\"checkbox\" name=\"servicos[]\" value=\"Avalia\u00e7\u00e3o Psicol\u00f3gica\" \/><span class=\"wpcf7-list-item-label\">Avalia\u00e7\u00e3o Psicol\u00f3gica<\/span><\/label><\/span><span class=\"wpcf7-list-item\"><label><input type=\"checkbox\" name=\"servicos[]\" value=\"PGR - Programa de Gerenciamento de Riscos\" \/><span class=\"wpcf7-list-item-label\">PGR - Programa de Gerenciamento de Riscos<\/span><\/label><\/span><span class=\"wpcf7-list-item\"><label><input type=\"checkbox\" name=\"servicos[]\" value=\"Consultorias\" \/><span class=\"wpcf7-list-item-label\">Consultorias<\/span><\/label><\/span><span class=\"wpcf7-list-item\"><label><input type=\"checkbox\" name=\"servicos[]\" value=\"Rela\u00e7\u00e3o de EPI por fun\u00e7\u00e3o\" \/><span class=\"wpcf7-list-item-label\">Rela\u00e7\u00e3o de EPI por fun\u00e7\u00e3o<\/span><\/label><\/span><span class=\"wpcf7-list-item\"><label><input type=\"checkbox\" name=\"servicos[]\" value=\"ASO (Atestado de Sa\u00fade Ocupacional)\" \/><span class=\"wpcf7-list-item-label\">ASO (Atestado de Sa\u00fade Ocupacional)<\/span><\/label><\/span><span class=\"wpcf7-list-item\"><label><input type=\"checkbox\" name=\"servicos[]\" value=\"Treinamentos\" \/><span class=\"wpcf7-list-item-label\">Treinamentos<\/span><\/label><\/span><span class=\"wpcf7-list-item\"><label><input type=\"checkbox\" name=\"servicos[]\" value=\"Exames Cl\u00ednicos e Complementares\" \/><span class=\"wpcf7-list-item-label\">Exames Cl\u00ednicos e Complementares<\/span><\/label><\/span><span class=\"wpcf7-list-item\"><label><input type=\"checkbox\" name=\"servicos[]\" value=\"PCMSO - Programa de Controle M\u00e9dico de Sa\u00fade Ocupacional\" \/><span class=\"wpcf7-list-item-label\">PCMSO - Programa de Controle M\u00e9dico de Sa\u00fade Ocupacional<\/span><\/label><\/span><span class=\"wpcf7-list-item\"><label><input type=\"checkbox\" name=\"servicos[]\" value=\"eSocial\" \/><span class=\"wpcf7-list-item-label\">eSocial<\/span><\/label><\/span><span class=\"wpcf7-list-item\"><label><input type=\"checkbox\" name=\"servicos[]\" value=\"LTCAT (Laudo T\u00e9cnico de Condi\u00e7\u00f5es Ambientais de Trabalho)\" \/><span class=\"wpcf7-list-item-label\">LTCAT (Laudo T\u00e9cnico de Condi\u00e7\u00f5es Ambientais de Trabalho)<\/span><\/label><\/span><span class=\"wpcf7-list-item\"><label><input type=\"checkbox\" name=\"servicos[]\" value=\"PPP\" \/><span class=\"wpcf7-list-item-label\">PPP<\/span><\/label><\/span><span class=\"wpcf7-list-item last\"><label><input type=\"checkbox\" name=\"servicos[]\" value=\"Acompanhamento em Obras\" \/><span class=\"wpcf7-list-item-label\">Acompanhamento em Obras<\/span><\/label><\/span><\/span><\/span><\/p>\n<p>Seu nome *<br \/>\n<span class=\"wpcf7-form-control-wrap seu-nome\"><input type=\"text\" name=\"seu-nome\" value=\"\" size=\"40\" class=\"wpcf7-form-control wpcf7-text wpcf7-validates-as-required form-control\" aria-required=\"true\" aria-invalid=\"false\" placeholder=\"Seu Nome\" \/><\/span><\/p>\n<p>Telefone Fixo<br \/>\n<span class=\"wpcf7-form-control-wrap telefone-fixo\"><input type=\"text\" name=\"telefone-fixo\" value=\"\" size=\"40\" class=\"wpcf7-form-control wpcf7-text form-control mask-telefone\" aria-invalid=\"false\" placeholder=\"(31) 3333-3333\" \/><\/span><\/p>\n<p>Telefone Celular<br \/>\n<span class=\"wpcf7-form-control-wrap telefone-celular\"><input type=\"text\" name=\"telefone-celular\" value=\"\" size=\"40\" class=\"wpcf7-form-control wpcf7-text form-control mask-celular\" aria-invalid=\"false\" placeholder=\"(31) 9 9999-9999\" \/><\/span><\/p>\n<p>E-mail *<br \/>\n<span class=\"wpcf7-form-control-wrap email\"><input type=\"email\" name=\"email\" value=\"\" size=\"40\" class=\"wpcf7-form-control wpcf7-text wpcf7-email wpcf7-validates-as-required wpcf7-validates-as-email form-control\" aria-required=\"true\" aria-invalid=\"false\" placeholder=\"E-mail\" \/><\/span><\/p>\n<p>Anexos<br \/>\n<span class=\"wpcf7-form-control-wrap anexo-01\"><input type=\"file\" name=\"anexo-01\" size=\"40\" class=\"wpcf7-form-control wpcf7-file form-control\" accept=\".jpg,.jpeg,.png,.gif,.pdf,.doc,.docx,.ppt,.pptx,.odt,.avi,.ogg,.m4a,.mov,.mp3,.mp4,.mpg,.wav,.wmv\" aria-invalid=\"false\" \/><\/span><\/p>\n<p><input type=\"submit\" value=\"Enviar Dados\" class=\"wpcf7-form-control has-spinner wpcf7-submit button-action\" \/><\/p>\n<div class=\"wpcf7-response-output\" aria-hidden=\"true\"><\/div><\/form><\/div><\/div>\n","protected":false},"excerpt":{"rendered":"","protected":false},"author":1,"featured_media":0,"parent":0,"menu_order":0,"comment_status":"closed","ping_status":"closed","template":"","meta":[],"_links":{"self":[{"href":"https:\/\/perfilocupacional.com.br\/site\/wp-json\/wp\/v2\/pages\/138"}],"collection":[{"href":"https:\/\/perfilocupacional.com.br\/site\/wp-json\/wp\/v2\/pages"}],"about":[{"href":"https:\/\/perfilocupacional.com.br\/site\/wp-json\/wp\/v2\/types\/page"}],"author":[{"embeddable":true,"href":"https:\/\/perfilocupacional.com.br\/site\/wp-json\/wp\/v2\/users\/1"}],"replies":[{"embeddable":true,"href":"https:\/\/perfilocupacional.com.br\/site\/wp-json\/wp\/v2\/comments?post=138"}],"version-history":[{"count":3,"href":"https:\/\/perfilocupacional.com.br\/site\/wp-json\/wp\/v2\/pages\/138\/revisions"}],"predecessor-version":[{"id":150,"href":"https:\/\/perfilocupacional.com.br\/site\/wp-json\/wp\/v2\/pages\/138\/revisions\/150"}],"wp:attachment":[{"href":"https:\/\/perfilocupacional.com.br\/site\/wp-json\/wp\/v2\/media?parent=138"}],"curies":[{"name":"wp","href":"https:\/\/api.w.org\/{rel}","templated":true}]}}