{"id":191,"date":"2025-01-24T13:55:51","date_gmt":"2025-01-24T16:55:51","guid":{"rendered":"https:\/\/perfilocupacional.com.br\/site\/?page_id=191"},"modified":"2025-02-11T17:56:44","modified_gmt":"2025-02-11T20:56:44","slug":"programas-legais","status":"publish","type":"page","link":"https:\/\/perfilocupacional.com.br\/site\/programas-legais\/","title":{"rendered":"Programas Legais"},"content":{"rendered":"\n<h3>PGR \u2013 Programa de Gerenciamento de Riscos:&nbsp;<\/h3>\n\n\n\n<p>O PGR \u00e9 um programa que visa identificar, avaliar e controlar os riscos existentes no ambiente de trabalho, prevenindo acidentes e doen\u00e7as. O programa estabelece medidas para mitigar riscos, assegurando que as condi\u00e7\u00f5es de trabalho sejam seguras e saud\u00e1veis. Ele inclui a an\u00e1lise de riscos f\u00edsicos, qu\u00edmicos, biol\u00f3gicos e ergon\u00f4micos.&nbsp;<\/p>\n\n\n\n<h3>PCMSO \u2013 Programa de Controle M\u00e9dico de Sa\u00fade Ocupacional:&nbsp;<\/h3>\n\n\n\n<p>O PCMSO \u00e9 um programa estabelecido pela legisla\u00e7\u00e3o brasileira que tem como objetivo preservar a sa\u00fade dos trabalhadores por meio de a\u00e7\u00f5es de preven\u00e7\u00e3o e monitoramento da sa\u00fade ocupacional. Inclui a realiza\u00e7\u00e3o de exames m\u00e9dicos peri\u00f3dicos, exames admissionais, demissionais e de retorno ao trabalho, al\u00e9m de a\u00e7\u00f5es para preven\u00e7\u00e3o de doen\u00e7as relacionadas ao trabalho.&nbsp;<\/p>\n\n\n\n<h3>ASO (Atestado de Sa\u00fade Ocupacional):&nbsp;<\/h3>\n\n\n\n<p>O ASO \u00e9 um documento emitido por um m\u00e9dico do trabalho que atesta a sa\u00fade do trabalhador em rela\u00e7\u00e3o ao exerc\u00edcio de suas fun\u00e7\u00f5es. Pode ser emitido em diferentes momentos: na admiss\u00e3o, anualmente, quando o trabalhador retorna ao trabalho ap\u00f3s um afastamento, ou na demiss\u00e3o. O ASO tem como objetivo garantir que o trabalhador esteja apto para exercer suas atividades sem riscos \u00e0 sa\u00fade.&nbsp;<\/p>\n\n\n\n<h3>DIR: <\/h3>\n\n\n\n<p>Declara\u00e7\u00e3o de Inexist\u00eancia de Riscos* quando a empresa for de grau de risco 1 ou 2, ela fica isenta de elabora\u00e7\u00e3o de PGR e PCMSO.<\/p>\n\n\n\n<h3>Laudo de periculosidade: <\/h3>\n\n\n\n<p>O Laudo de Periculosidade e Insalubridade \u00e9 uma avalia\u00e7\u00e3o para definir qual \u00e9 o grau de insalubridade no local de trabalho. A caracteriza\u00e7\u00e3o de periculosidade \u00e9 feita por perito engenheiro de seguran\u00e7a do trabalho, segundo as normas do Minist\u00e9rio do Trabalho e Emprego (MTE) e Decreto n\u00ba 39032, de 8 de setembro de 1997.<\/p>\n\n\n\n<h3>Laudo de Insalubridade: <\/h3>\n\n\n\n<p>O Laudo de Insalubridade \u00e9 um documento de origem trabalhista, cuja miss\u00e3o \u00e9 avaliar se os colaboradores de uma organiza\u00e7\u00e3o est\u00e3o expostos aos agentes nocivos, constantes na NR-15 e seus anexos.<\/p>\n\n\n\n<h3>LTCAT (Laudo T\u00e9cnico de Condi\u00e7\u00f5es Ambientais de Trabalho):&nbsp;<\/h3>\n\n\n\n<p>O LTCAT \u00e9 um documento t\u00e9cnico que descreve as condi\u00e7\u00f5es ambientais de trabalho, como a presen\u00e7a de agentes nocivos (qu\u00edmicos, f\u00edsicos, biol\u00f3gicos) que possam causar danos \u00e0 sa\u00fade dos trabalhadores. Ele \u00e9 essencial para a caracteriza\u00e7\u00e3o de insalubridade ou periculosidade no trabalho e para a concess\u00e3o de benef\u00edcios previdenci\u00e1rios, como aposentadoria especial.&nbsp;<\/p>\n\n\n\n<h3>eSocial:&nbsp;<\/h3>\n\n\n\n<p>O eSocial \u00e9 um sistema do governo brasileiro que unifica o envio de informa\u00e7\u00f5es trabalhistas, fiscais e previdenci\u00e1rias. Ele coleta dados sobre os empregados, como v\u00ednculos, remunera\u00e7\u00f5es, condi\u00e7\u00f5es de trabalho, acidentes de trabalho e quest\u00f5es relacionadas \u00e0 sa\u00fade e seguran\u00e7a. O objetivo \u00e9 simplificar o processo de compliance para as empresas e garantir a conformidade com as normas trabalhistas.<\/p>\n\n\n\n<h3>Avalia\u00e7\u00e3o Psicol\u00f3gica:&nbsp;<\/h3>\n\n\n\n<p>A avalia\u00e7\u00e3o psicol\u00f3gica \u00e9 um procedimento que visa analisar , compreender e esclarecer a din\u00e2mica dos processos psicol\u00f3gicos representativos de um indiv\u00edduo, baseando-se na aplica\u00e7\u00e3o de testes regulamentados pelo CFP e dados de entrevista.<\/p>\n\n\n\n<p>Trabalhamos com elabora\u00e7\u00e3o de perfil para cargos, mediante laudos descritivos.&nbsp;<\/p>\n\n\n\n<p>Nossa cl\u00ednica e profissionais s\u00e3o credenciados junto a Pol\u00edcia Federal, para fazer avalia\u00e7\u00e3o para curso de vigilante e porte\/ registo \/ renova\u00e7\u00e3o de Porte de Arma.<\/p>\n\n\n\n<p>Al\u00e9m disso, fazemos Avalia\u00e7\u00e3o Psicossocial, baseada na NR 33 e NR 35, para colaboradores que ir\u00e3o trabalhar em espa\u00e7o confinado e altura.<\/p>\n\n\n\n<h3>Exames Cl\u00ednicos e Complementares:&nbsp;<\/h3>\n\n\n\n<p>S\u00e3o exames m\u00e9dicos realizados para monitorar a sa\u00fade dos trabalhadores. Os exames cl\u00ednicos incluem avalia\u00e7\u00f5es gerais de sa\u00fade, enquanto os exames complementares (como laboratoriais e de imagem) s\u00e3o usados para diagnosticar doen\u00e7as ou condi\u00e7\u00f5es que possam ser causadas ou agravadas pelo ambiente de trabalho, como problemas respirat\u00f3rios ou auditivos.<\/p>\n","protected":false},"excerpt":{"rendered":"<p>PGR \u2013 Programa de Gerenciamento de Riscos:&nbsp; O PGR \u00e9 um programa que visa identificar, avaliar e controlar os riscos existentes no ambiente de trabalho, prevenindo acidentes e doen\u00e7as. O programa estabelece medidas para mitigar riscos, assegurando que as condi\u00e7\u00f5es de trabalho sejam seguras e saud\u00e1veis. Ele inclui a an\u00e1lise de riscos f\u00edsicos, qu\u00edmicos, biol\u00f3gicos [&hellip;]<\/p>\n","protected":false},"author":1,"featured_media":0,"parent":0,"menu_order":0,"comment_status":"closed","ping_status":"closed","template":"","meta":[],"_links":{"self":[{"href":"https:\/\/perfilocupacional.com.br\/site\/wp-json\/wp\/v2\/pages\/191"}],"collection":[{"href":"https:\/\/perfilocupacional.com.br\/site\/wp-json\/wp\/v2\/pages"}],"about":[{"href":"https:\/\/perfilocupacional.com.br\/site\/wp-json\/wp\/v2\/types\/page"}],"author":[{"embeddable":true,"href":"https:\/\/perfilocupacional.com.br\/site\/wp-json\/wp\/v2\/users\/1"}],"replies":[{"embeddable":true,"href":"https:\/\/perfilocupacional.com.br\/site\/wp-json\/wp\/v2\/comments?post=191"}],"version-history":[{"count":2,"href":"https:\/\/perfilocupacional.com.br\/site\/wp-json\/wp\/v2\/pages\/191\/revisions"}],"predecessor-version":[{"id":203,"href":"https:\/\/perfilocupacional.com.br\/site\/wp-json\/wp\/v2\/pages\/191\/revisions\/203"}],"wp:attachment":[{"href":"https:\/\/perfilocupacional.com.br\/site\/wp-json\/wp\/v2\/media?parent=191"}],"curies":[{"name":"wp","href":"https:\/\/api.w.org\/{rel}","templated":true}]}}