{"id":193,"date":"2025-01-24T13:57:13","date_gmt":"2025-01-24T16:57:13","guid":{"rendered":"https:\/\/perfilocupacional.com.br\/site\/?page_id=193"},"modified":"2025-02-11T17:57:07","modified_gmt":"2025-02-11T20:57:07","slug":"consultoria-para-mobilizacao-e-obras","status":"publish","type":"page","link":"https:\/\/perfilocupacional.com.br\/site\/consultoria-para-mobilizacao-e-obras\/","title":{"rendered":"Consultoria para Mobiliza\u00e7\u00e3o e Obras"},"content":{"rendered":"\n<h3>PPP (Perfil Profissiogr\u00e1fico Previdenci\u00e1rio):&nbsp;<\/h3>\n\n\n\n<p>O PPP \u00e9 um documento que re\u00fane informa\u00e7\u00f5es sobre as condi\u00e7\u00f5es de trabalho de um empregado, como os agentes nocivos a que esteve exposto, a dura\u00e7\u00e3o da exposi\u00e7\u00e3o e as atividades desempenhadas. Esse documento \u00e9 utilizado para fins de concess\u00e3o de aposentadoria especial ou outros benef\u00edcios previdenci\u00e1rios.&nbsp;<\/p>\n\n\n\n<h3>Treinamentos:&nbsp;<\/h3>\n\n\n\n<p>Os treinamentos s\u00e3o a\u00e7\u00f5es educativas realizadas para capacitar os trabalhadores sobre quest\u00f5es relacionadas \u00e0 seguran\u00e7a e sa\u00fade no trabalho. Eles s\u00e3o fundamentais para o uso correto dos EPIs, preven\u00e7\u00e3o de acidentes, identifica\u00e7\u00e3o de riscos, e cumprimento das normas regulamentadoras de seguran\u00e7a.&nbsp;<\/p>\n\n\n\n<h3>Acompanhamento em Obras:&nbsp;<\/h3>\n\n\n\n<p>O acompanhamento em obras refere-se \u00e0 supervis\u00e3o cont\u00ednua das condi\u00e7\u00f5es de trabalho em canteiros de obras, para garantir que os procedimentos de seguran\u00e7a e sa\u00fade sejam seguidos corretamente. Isso inclui a fiscaliza\u00e7\u00e3o do uso de EPIs, a implementa\u00e7\u00e3o de medidas de seguran\u00e7a, a an\u00e1lise de riscos no ambiente de trabalho e o treinamento constante dos trabalhadores. O objetivo \u00e9 evitar acidentes e doen\u00e7as durante a execu\u00e7\u00e3o das obras.<\/p>\n\n\n\n<h3>Rela\u00e7\u00e3o de EPI por Fun\u00e7\u00e3o:&nbsp;<\/h3>\n\n\n\n<p>Esta \u00e9 a lista que especifica quais Equipamentos de Prote\u00e7\u00e3o Individual (EPIs) cada trabalhador deve utilizar de acordo com as fun\u00e7\u00f5es desempenhadas e os riscos a que est\u00e1 exposto. A rela\u00e7\u00e3o \u00e9 importante para garantir que cada funcion\u00e1rio tenha a prote\u00e7\u00e3o adequada para evitar acidentes e doen\u00e7as ocupacionais.<\/p>\n","protected":false},"excerpt":{"rendered":"<p>PPP (Perfil Profissiogr\u00e1fico Previdenci\u00e1rio):&nbsp; O PPP \u00e9 um documento que re\u00fane informa\u00e7\u00f5es sobre as condi\u00e7\u00f5es de trabalho de um empregado, como os agentes nocivos a que esteve exposto, a dura\u00e7\u00e3o da exposi\u00e7\u00e3o e as atividades desempenhadas. Esse documento \u00e9 utilizado para fins de concess\u00e3o de aposentadoria especial ou outros benef\u00edcios previdenci\u00e1rios.&nbsp; Treinamentos:&nbsp; Os treinamentos s\u00e3o [&hellip;]<\/p>\n","protected":false},"author":1,"featured_media":0,"parent":0,"menu_order":0,"comment_status":"closed","ping_status":"closed","template":"","meta":[],"_links":{"self":[{"href":"https:\/\/perfilocupacional.com.br\/site\/wp-json\/wp\/v2\/pages\/193"}],"collection":[{"href":"https:\/\/perfilocupacional.com.br\/site\/wp-json\/wp\/v2\/pages"}],"about":[{"href":"https:\/\/perfilocupacional.com.br\/site\/wp-json\/wp\/v2\/types\/page"}],"author":[{"embeddable":true,"href":"https:\/\/perfilocupacional.com.br\/site\/wp-json\/wp\/v2\/users\/1"}],"replies":[{"embeddable":true,"href":"https:\/\/perfilocupacional.com.br\/site\/wp-json\/wp\/v2\/comments?post=193"}],"version-history":[{"count":2,"href":"https:\/\/perfilocupacional.com.br\/site\/wp-json\/wp\/v2\/pages\/193\/revisions"}],"predecessor-version":[{"id":204,"href":"https:\/\/perfilocupacional.com.br\/site\/wp-json\/wp\/v2\/pages\/193\/revisions\/204"}],"wp:attachment":[{"href":"https:\/\/perfilocupacional.com.br\/site\/wp-json\/wp\/v2\/media?parent=193"}],"curies":[{"name":"wp","href":"https:\/\/api.w.org\/{rel}","templated":true}]}}