{"id":53,"date":"2022-03-24T14:25:14","date_gmt":"2022-03-24T17:25:14","guid":{"rendered":"https:\/\/perfilocupacional.com.br\/site\/?page_id=53"},"modified":"2025-02-11T17:59:54","modified_gmt":"2025-02-11T20:59:54","slug":"area-do-cliente","status":"publish","type":"page","link":"https:\/\/perfilocupacional.com.br\/site\/area-do-cliente\/","title":{"rendered":"Exames Particulares"},"content":{"rendered":"\n<h2>Informa\u00e7\u00f5es<\/h2>\n\n\n\n<p>Realizamos Exames Particulares nos seguintes hor\u00e1rios:<br><\/p>\n\n\n\n<p>07h30 \u00e0s 12h &#8211; Grade completa de exames<br>13h00 \u00e0s 16h30 &#8211; Exames Cl\u00ednicos Ocupacionais<\/p>\n\n\n\n<p>Consulte nossa equipe para mais informa\u00e7\u00f5es.<\/p>\n","protected":false},"excerpt":{"rendered":"<p>Informa\u00e7\u00f5es Realizamos Exames Particulares nos seguintes hor\u00e1rios: 07h30 \u00e0s 12h &#8211; Grade completa de exames13h00 \u00e0s 16h30 &#8211; Exames Cl\u00ednicos Ocupacionais Consulte nossa equipe para mais informa\u00e7\u00f5es.<\/p>\n","protected":false},"author":1,"featured_media":0,"parent":0,"menu_order":0,"comment_status":"closed","ping_status":"closed","template":"","meta":[],"_links":{"self":[{"href":"https:\/\/perfilocupacional.com.br\/site\/wp-json\/wp\/v2\/pages\/53"}],"collection":[{"href":"https:\/\/perfilocupacional.com.br\/site\/wp-json\/wp\/v2\/pages"}],"about":[{"href":"https:\/\/perfilocupacional.com.br\/site\/wp-json\/wp\/v2\/types\/page"}],"author":[{"embeddable":true,"href":"https:\/\/perfilocupacional.com.br\/site\/wp-json\/wp\/v2\/users\/1"}],"replies":[{"embeddable":true,"href":"https:\/\/perfilocupacional.com.br\/site\/wp-json\/wp\/v2\/comments?post=53"}],"version-history":[{"count":11,"href":"https:\/\/perfilocupacional.com.br\/site\/wp-json\/wp\/v2\/pages\/53\/revisions"}],"predecessor-version":[{"id":205,"href":"https:\/\/perfilocupacional.com.br\/site\/wp-json\/wp\/v2\/pages\/53\/revisions\/205"}],"wp:attachment":[{"href":"https:\/\/perfilocupacional.com.br\/site\/wp-json\/wp\/v2\/media?parent=53"}],"curies":[{"name":"wp","href":"https:\/\/api.w.org\/{rel}","templated":true}]}}